{"id":1858,"date":"2021-03-30T19:10:54","date_gmt":"2021-03-30T19:10:54","guid":{"rendered":"https:\/\/abibcor.org.ar\/encuentro\/?page_id=1858"},"modified":"2022-08-19T22:21:45","modified_gmt":"2022-08-19T22:21:45","slug":"encuentro2021","status":"publish","type":"page","link":"https:\/\/abibcor.org.ar\/encuentro\/encuentro2021\/","title":{"rendered":"Encuentro 2021"},"content":{"rendered":"<p>El Encuentro de Bibliotecarios de la Provincia de C\u00f3rdoba es un espacio creado para el intercambio y debate entre especialistas y profesionales en bibliotecolog\u00eda. En \u00e9l se analizan problem\u00e1ticas asociadas a la intervenci\u00f3n profesional, las experiencias y buenas pr\u00e1cticas, buscando de esta manera impulsar esta \u00e1rea disciplinar no solo en la construcci\u00f3n de nuevos conocimientos para hacer frente a los desaf\u00edos actuales, sino para dar cuenta de la relevancia de la profesi\u00f3n en otros espacios y la vigencia de la misma.<\/p>\n<p>En esta oportunidad el 14\u00b0 Encuentro de Bibliotecarios de la Provincia de C\u00f3rdoba \u00abFactores convergentes que impactan en la transformaci\u00f3n de bibliotecas\u00bb, se realizara bajo la modalidad virtual el 10 de septiembre de 2021 a trav\u00e9s del Canal de YouTube y Facebook Live de la Asociaci\u00f3n Bibliotecarios de C\u00f3rdoba. Esta pensado como un espacio de formaci\u00f3n bajo la modalidad Charla debate, en el cual reconocidos especialistas de la ciencia de la informaci\u00f3n nos brindaran sus conocimiento y miradas sobre los factores que convergen en la transformaci\u00f3n de las bibliotecas y debatiran con los asistentes al Encuentro sobre .<\/p>\n<p><span style=\"color: #ff6600;\"><strong>Objetivos<\/strong><\/span><\/p>\n<p>Proponer un espacio de reflexi\u00f3n y de encuentro virtual entre profesionales bibliotecarios.<br \/>\nAbordar factores convergentes que transforman las bibliotecas de la provincia de C\u00f3rdoba y del profesional bibliotecario.<\/p>\n<p><span style=\"color: #ff6600;\"><strong>Destinatarios:<\/strong><\/span><\/p>\n<ul>\n<li>Bibliotecarios, estudiantes, trabajadores de bibliotecas y p\u00fablico en general que le interese la tem\u00e1tica del encuentro.<\/li>\n<\/ul>\n<p>El\u00a014\u00b0 Encuentro de Bibliotecarios de la Provincia de C\u00f3rdoba\u00a0es sin costo. El \u00fanico requisito para poder participar es tener conexi\u00f3n a Internet y suscribirte al canal de YouTube de la Asociaci\u00f3n Bibliotecarios de C\u00f3rdoba ABC.<\/p>\n<p>Evento gratuito. Se entregar\u00e1n certificados de asistencia.<\/p>\n<p><span style=\"color: #ff6600;\"><strong>Modalidad virtual y transmisi\u00f3n en vivo<\/strong><\/span><\/p>\n<ul>\n<li>Canal de YouTube y Facebook Live de la Asociaci\u00f3n Bibliotecarios de C\u00f3rdoba<\/li>\n<\/ul>\n<p>El 14\u00b0 Encuentro de Bibliotecarios de la Provincia de C\u00f3rdoba es sin costo. El \u00fanico requisito para poder participar es tener conexi\u00f3n a Internet y suscribirte al canal de YouTube de la Asociaci\u00f3n Bibliotecarios de C\u00f3rdoba ABC.<\/p>\n<p><span style=\"color: #ff6600;\"><strong>Programa 14\u00b0 Encuentro de Bibliotecarios de la Provincia de C\u00f3rdoba<\/strong><\/span><\/p>\n<p style=\"text-align: center;\"><a href=\"https:\/\/abibcor.org.ar\/encuentro\/wp-content\/uploads\/2021\/09\/programas-abc-2.pdf\" class=\"pdfemb-viewer\" style=\"\" data-width=\"max\" data-height=\"max\" data-toolbar=\"bottom\" data-toolbar-fixed=\"off\">programas abc (2)<\/a><\/p>\n<div id=\"primary\" class=\"style-scope ytd-watch-flexy\">\n<div id=\"primary-inner\" class=\"style-scope ytd-watch-flexy\">\n<div id=\"merch-shelf\" class=\"style-scope ytd-watch-flexy\" style=\"text-align: center;\"><\/div>\n<\/div>\n<\/div>\n<p style=\"text-align: center;\"><strong><span class=\"style-scope yt-formatted-string\" dir=\"auto\" style=\"color: #ff6600;\">14\u00b0 Encuentro de Bibliotecarios de la Provincia de C\u00f3rdoba<\/span><\/strong><\/p>\n<p style=\"text-align: center;\"><strong><span class=\"style-scope yt-formatted-string\" dir=\"auto\" style=\"color: #ff6600;\">Factores convergentes que impactan en la transformaci\u00f3n de bibliotecas<\/span><\/strong><\/p>\n<p><span class=\"style-scope yt-formatted-string\" dir=\"auto\"><strong><span style=\"color: #ff6600;\"> T\u00edtulo:<\/span><\/strong> Entrevista Especial Alejandro Santa Biblioteca del Congreso. <\/span><\/p>\n<p><span class=\"style-scope yt-formatted-string\" dir=\"auto\"><strong><span style=\"color: #ff6600;\">Invitado:<\/span><\/strong> Alejandro Santa (Argentina). <\/span><\/p>\n<p><span class=\"style-scope yt-formatted-string\" dir=\"auto\"><strong><span style=\"color: #ff6600;\">Fecha:<\/span> <\/strong>10 de septiembre de 2021.<\/span><\/p>\n<p><strong><span class=\"style-scope yt-formatted-string\" dir=\"auto\" style=\"color: #ff6600;\"> Horario: <\/span><\/strong><span class=\"style-scope yt-formatted-string\" dir=\"auto\">9:10<\/span><span class=\"style-scope yt-formatted-string\" dir=\"auto\"> a <\/span><span class=\"style-scope yt-formatted-string\" dir=\"auto\">9:50.\u00a0<\/span><\/p>\n<p><span style=\"color: #ff6600;\"><strong><span class=\"style-scope yt-formatted-string\" dir=\"auto\"> Alejandro Santa<\/span><\/strong><\/span><\/p>\n<ul>\n<li><span class=\"style-scope yt-formatted-string\" dir=\"auto\"> Director coordinador de la Biblioteca del Congreso de la Naci\u00f3n (BCN). <\/span><\/li>\n<li><span class=\"style-scope yt-formatted-string\" dir=\"auto\">Presidente del Comit\u00e9 de la Divisi\u00f3n Regional para Am\u00e9rica Latina y el Caribe de IFLA.<\/span><\/li>\n<\/ul>\n<p><a href=\"#abibcor #AlejandroSanta #BCN #IFLA\">#abibcor #AlejandroSanta #BCN #IFLA<\/a><\/p>\n<p style=\"text-align: center;\"><iframe loading=\"lazy\" title=\"YouTube video player\" src=\"https:\/\/www.youtube.com\/embed\/lWwgOcG_Au8\" width=\"560\" height=\"315\" frameborder=\"0\" allowfullscreen=\"allowfullscreen\"><\/iframe><\/p>\n<p style=\"text-align: center;\"><strong><span style=\"color: #ff6600;\">14\u00b0 Encuentro de Bibliotecarios de la Provincia de C\u00f3rdoba<\/span><\/strong><\/p>\n<p style=\"text-align: left;\"><strong><span style=\"color: #ff6600;\">\u00abFactores convergentes que impactan en la transformaci\u00f3n de bibliotecas\u00bb<\/span><\/strong><\/p>\n<p><strong><span style=\"color: #ff6600;\">Fecha:<\/span> <\/strong>10\/09\/2021.<\/p>\n<p><strong><span style=\"color: #ff6600;\">Horario:<\/span><\/strong> 10 a 11.<\/p>\n<p>Ra\u00fal Escandar es periodista y editor, y director del conocido \u00abBolet\u00edn de la SAI\u00bb. Profesor de bibliotecolog\u00eda en materias Catalogaci\u00f3n y Fuentes de informaci\u00f3n. Director de la Sociedad Argentina de Informaci\u00f3n. Tiene publicadas varias bibliografias e indices de revistas y unas cuatro en preparacion.<\/p>\n<p style=\"text-align: center;\">\u00a0<iframe loading=\"lazy\" title=\"YouTube video player\" src=\"https:\/\/www.youtube.com\/embed\/4WMUtR0_gmE\" width=\"560\" height=\"315\" frameborder=\"0\" allowfullscreen=\"allowfullscreen\"><\/iframe><\/p>\n<p><a href=\"#abibcor #RaulEscandar #SAI\">#abibcor #RaulEscandar #SAI<\/a><\/p>\n<p style=\"text-align: center;\"><strong><span class=\"style-scope yt-formatted-string\" dir=\"auto\" style=\"color: #ff6600;\">14\u00b0 Encuentro de Bibliotecarios de la Provincia de C\u00f3rdoba<\/span><\/strong><\/p>\n<p style=\"text-align: center;\"><strong><span class=\"style-scope yt-formatted-string\" dir=\"auto\" style=\"color: #ff6600;\">Factores convergentes que impactan en la transformaci\u00f3n de bibliotecas<\/span><\/strong><\/p>\n<p><span class=\"style-scope yt-formatted-string\" dir=\"auto\"><strong><span style=\"color: #ff6600;\">T\u00edtulo:<\/span> <\/strong>Defensa del acceso equitativo al conocimiento acumulado socialmente: Colectivo Basta biblioclastia<\/span><\/p>\n<p><span class=\"style-scope yt-formatted-string\" dir=\"auto\"><strong><span style=\"color: #ff6600;\">Disertante:<\/span> <\/strong>Mela Bosch (Italia). <\/span><\/p>\n<p><span class=\"style-scope yt-formatted-string\" dir=\"auto\"><strong><span style=\"color: #ff6600;\">Fecha:<\/span> <\/strong>10 de septiembre de 2021.<\/span><\/p>\n<p><strong><span class=\"style-scope yt-formatted-string\" dir=\"auto\" style=\"color: #ff6600;\"> Horario: <\/span><\/strong><span class=\"style-scope yt-formatted-string\" dir=\"auto\">11:15<\/span><span class=\"style-scope yt-formatted-string\" dir=\"auto\"> a <\/span><span class=\"style-scope yt-formatted-string\" dir=\"auto\">12:15<\/span><\/p>\n<p><strong><span class=\"style-scope yt-formatted-string\" dir=\"auto\" style=\"color: #ff6600;\">Mela Bosch <\/span><\/strong><\/p>\n<ul>\n<li><span class=\"style-scope yt-formatted-string\" dir=\"auto\">Ling\u00fcista. Fue titular de c\u00e1tedra e investigadora en la Universidad Nacional de la Plata y docente de seminarios de grado y posgrado en varias universidades argentinas. <\/span><\/li>\n<li><span class=\"style-scope yt-formatted-string\" dir=\"auto\">Sus publicaciones a nivel nacional e internacional se encuentran en repositorios de acceso abierto. Fue consultora de organismos p\u00fablicos y trabaj\u00f3 en empresas inform\u00e1ticas en bases documentales, lenguajes controlados y organizaci\u00f3n del conocimiento tanto en Argentina como en Europa. <\/span><\/li>\n<li><span class=\"style-scope yt-formatted-string\" dir=\"auto\"><span class=\"style-scope yt-formatted-string\" dir=\"auto\">Fue Directora por concurso del CAICYT-CONICET, all\u00ed adem\u00e1s coordin\u00f3 el desarrollo del Vocabulario sobre Biblioclastia. <\/span><\/span><\/li>\n<li><span class=\"style-scope yt-formatted-string\" dir=\"auto\"><span class=\"style-scope yt-formatted-string\" dir=\"auto\">Impuls\u00f3 la creaci\u00f3n y forma parte <\/span><\/span>del Colectivo Basta Biblioclastia.<\/li>\n<li>Actualmente vive en Italia y coordina para una organizaci\u00f3n franco-argentina un proyecto sobre impactos psi de las lenguas en las migraciones y trabaja en temas de ciencia abierta para una editorial internacional.<\/li>\n<\/ul>\n<p style=\"text-align: center;\"><iframe loading=\"lazy\" title=\"YouTube video player\" src=\"https:\/\/www.youtube.com\/embed\/-JvrEOH0_oA\" width=\"560\" height=\"315\" frameborder=\"0\" allowfullscreen=\"allowfullscreen\"><\/iframe><\/p>\n<p style=\"text-align: center;\">#Abibcor #MelaBosch #BastaBiblioclastia #Accesoalconocimientoequitativo #Biblioclastia<\/p>\n<p style=\"text-align: center;\"><span style=\"color: #ff6600;\"><strong><span class=\"style-scope yt-formatted-string\" dir=\"auto\">14\u00b0 Encuentro de Bibliotecarios de la Provincia de C\u00f3rdoba<\/span><\/strong><\/span><\/p>\n<p style=\"text-align: center;\"><span style=\"color: #ff6600;\"><strong><span class=\"style-scope yt-formatted-string\" dir=\"auto\">\u00abFactores convergentes que impactan en la transformaci\u00f3n de bibliotecas\u00bb <\/span><\/strong><\/span><\/p>\n<p><span class=\"style-scope yt-formatted-string\" dir=\"auto\"><strong><span style=\"color: #ff6600;\">T\u00edtulo:<\/span><\/strong> El referencista en tiempos de pandemia.<\/span><\/p>\n<p><span class=\"style-scope yt-formatted-string\" dir=\"auto\"><strong><span style=\"color: #ff6600;\">Disertante:<\/span><\/strong> Fernanda Cuneo (Argentina). <\/span><\/p>\n<p><span class=\"style-scope yt-formatted-string\" dir=\"auto\"><strong><span style=\"color: #ff6600;\">Fecha:<\/span> <\/strong>10 de septiembre de 2021.<\/span><\/p>\n<p><strong><span class=\"style-scope yt-formatted-string\" dir=\"auto\"><span style=\"color: #ff6600;\"> Horario:<\/span> <\/span><\/strong><span class=\"style-scope yt-formatted-string\" dir=\"auto\">12:30<\/span><span class=\"style-scope yt-formatted-string\" dir=\"auto\"> a <\/span><span class=\"style-scope yt-formatted-string\" dir=\"auto\">13:30<\/span><\/p>\n<p><strong><span class=\"style-scope yt-formatted-string\" dir=\"auto\" style=\"color: #ff6600;\">Fernanda Cuneo <\/span><\/strong><\/p>\n<ul>\n<li><span class=\"style-scope yt-formatted-string\" dir=\"auto\">Bibliotec\u00f3loga. Egresada de la Facultad de Filosof\u00eda y Humanidades. Escuela de Bibliotecolog\u00eda. Universidad Nacional de C\u00f3rdoba. 2014 <\/span><\/li>\n<li><span class=\"style-scope yt-formatted-string\" dir=\"auto\">Trabaja en la Biblioteca Facultad de Medicina Prof. Dr. J. M. Allende. Facultad de Ciencias M\u00e9dicas. Universidad Nacional de C\u00f3rdoba desempe\u00f1andose como Vicedirectora y Tesorera. <\/span><\/li>\n<li><span class=\"style-scope yt-formatted-string\" dir=\"auto\">Representante de la Biblioteca de la Facultad de Ciencias M\u00e9dicas como nexo con la Editorial de la UNC en la participaci\u00f3n de elaboraci\u00f3n de material en formato soporte digital y libros para no videntes.<\/span><\/li>\n<\/ul>\n<p style=\"text-align: center;\"><iframe loading=\"lazy\" title=\"YouTube video player\" src=\"https:\/\/www.youtube.com\/embed\/NIyLGX35c0U\" width=\"560\" height=\"315\" frameborder=\"0\" allowfullscreen=\"allowfullscreen\"><\/iframe><\/p>\n<p style=\"text-align: center;\"><a href=\"#Abibcor #FernandaCuneo #Bibliotecarioreferencista\">#Abibcor #FernandaCuneo #Bibliotecarioreferencista #Pandemia-Covid.19<\/a><\/p>\n<p>&nbsp;<\/p>\n<p style=\"text-align: center;\"><span style=\"color: #ff6600;\"><strong>14\u00b0 Encuentro de Bibliotecarios de la Provincia de C\u00f3rdoba.<\/strong><\/span><\/p>\n<p style=\"text-align: center;\"><span style=\"color: #ff6600;\"><strong>Factores convergentes que impactan en la transformaci\u00f3n de bibliotecas<\/strong><\/span><\/p>\n<p><strong><span style=\"color: #ff6600;\">T\u00edtulo:<\/span><\/strong> Perspectivas cr\u00edticas para la pr\u00e1ctica profesional y docente en Bibliotecolog\u00eda.<\/p>\n<p><strong><span style=\"color: #ff6600;\">Disertantes:<\/span><\/strong> Mar\u00eda E. Martin Valdunciel y Pedro Lopez Lopez (Espa\u00f1a)<\/p>\n<p><strong><span style=\"color: #ff6600;\">Fecha:<\/span><\/strong> 10 de septiembre de 2021.<\/p>\n<p><strong><span style=\"color: #ff6600;\"> Horario:<\/span> <\/strong>14 hs.<\/p>\n<p><strong><span style=\"color: #ff6600;\">Pedro L\u00f3pez L\u00f3pez. <\/span><\/strong><\/p>\n<ul>\n<li>Profesor titular de la Facultad de CC. de la Documentaci\u00f3n de la UCM.<\/li>\n<li>Ex director de la E.U. de Biblioteconom\u00eda y Documentaci\u00f3n (UCM).<\/li>\n<li>Fundador y ex director del grupo de investigaci\u00f3n de la UCM Biblioteca y Sociedad.<\/li>\n<li>Activista social (derechos humanos, laicismo, memoria hist\u00f3rica).<\/li>\n<\/ul>\n<p style=\"text-align: center;\"><iframe loading=\"lazy\" title=\"YouTube video player\" src=\"https:\/\/www.youtube.com\/embed\/FhtGa8IvCac\" width=\"560\" height=\"315\" frameborder=\"0\" allowfullscreen=\"allowfullscreen\"><\/iframe><\/p>\n<p><a href=\"#Abibcor #PedroL\u00f3pezL\u00f3pez #Mar\u00edaEngraciaMart\u00edn #Pr\u00e1cticaprofesional #Pr\u00e1cticadocente #Bibliotecolog\u00eda\">#Abibcor #PedroL\u00f3pezL\u00f3pez #Mar\u00edaEngraciaMart\u00edn #Pr\u00e1cticaprofesional #Pr\u00e1cticadocente #Bibliotecolog\u00eda<\/a><\/p>\n<p style=\"text-align: center;\"><span style=\"color: #ff6600;\"><strong>14\u00b0 Encuentro de Bibliotecarios de la Provincia de C\u00f3rdoba<\/strong><\/span><\/p>\n<p style=\"text-align: center;\"><span style=\"color: #ff6600;\"><strong>Factores convergentes que impactan en la transformaci\u00f3n de bibliotecas<\/strong><\/span><\/p>\n<p><strong><span style=\"color: #ff6600;\">T\u00edtulo:<\/span><\/strong> Resiliencia bibliotecaria en Am\u00e9rica Latina.<\/p>\n<p><strong><span style=\"color: #ff6600;\">Disertante:<\/span><\/strong> Cristian Maturana (Chile).<\/p>\n<p><strong><span style=\"color: #ff6600;\">Fecha:<\/span> <\/strong>10 de septiembre de 2021.<\/p>\n<p><strong><span style=\"color: #ff6600;\">Horario:<\/span><\/strong> 16 a 17<\/p>\n<p style=\"text-align: center;\"><iframe loading=\"lazy\" title=\"YouTube video player\" src=\"https:\/\/www.youtube.com\/embed\/AW7BRq0564c\" width=\"560\" height=\"315\" frameborder=\"0\" allowfullscreen=\"allowfullscreen\"><\/iframe><\/p>\n<p style=\"text-align: center;\"><a href=\"#Abibcor #CristianMaturana #ResilienciaBibliotecaria #AmericaLatina\">#Abibcor #CristianMaturana #ResilienciaBibliotecaria #AmericaLatina<\/a><\/p>\n<p style=\"text-align: left;\"><strong><span class=\"style-scope yt-formatted-string\" dir=\"auto\" style=\"color: #ff6600;\">14\u00b0 Encuentro de Bibliotecarios de la Provincia de C\u00f3rdoba<\/span><\/strong><\/p>\n<p style=\"text-align: left;\"><strong><span class=\"style-scope yt-formatted-string\" dir=\"auto\" style=\"color: #ff6600;\">Factores convergentes que impactan en la transformaci\u00f3n de bibliotecas<\/span><\/strong><\/p>\n<p><span class=\"style-scope yt-formatted-string\" dir=\"auto\"><strong><span style=\"color: #ff6600;\">T\u00edtulo:<\/span><\/strong> Presentaci\u00f3n Sitio derechodeautor.org.ar <\/span><\/p>\n<p><span class=\"style-scope yt-formatted-string\" dir=\"auto\"><strong><span style=\"color: #ff6600;\">Disertante:<\/span><\/strong> Beatriz Busaniche (Argentina). <\/span><\/p>\n<p><span class=\"style-scope yt-formatted-string\" dir=\"auto\"><strong><span style=\"color: #ff6600;\">Fecha:<\/span> <\/strong>10 de septiembre de 2021.<\/span><\/p>\n<p><strong><span class=\"style-scope yt-formatted-string\" dir=\"auto\" style=\"color: #ff6600;\"> Horario: <\/span><\/strong><span class=\"style-scope yt-formatted-string\" dir=\"auto\">17:15<\/span><span class=\"style-scope yt-formatted-string\" dir=\"auto\"> a <\/span><span class=\"style-scope yt-formatted-string\" dir=\"auto\">18:15<\/span><\/p>\n<p><span style=\"color: #ff6600;\"><strong><span class=\"style-scope yt-formatted-string\" dir=\"auto\">Beatriz Busaniche <\/span><\/strong><\/span><\/p>\n<p><span class=\"style-scope yt-formatted-string\" dir=\"auto\">Mag\u00edster en Propiedad Intelectual por la FLACSO (Facultad Latinoamericana de Ciencias Sociales) de Argentina, y profesora de la Facultad de Ciencias Sociales de la Universidad de Buenos Aires. Trabaja en la Fundaci\u00f3n V\u00eda Libre y es miembro fundadora de Wikimedia Argentina. Es la l\u00edder p\u00fablica de Creative Commons Argentina por Fundaci\u00f3n V\u00eda Libre.<\/span><\/p>\n<p style=\"text-align: center;\"><iframe loading=\"lazy\" title=\"YouTube video player\" src=\"https:\/\/www.youtube.com\/embed\/TrplsQJD2Zc\" width=\"560\" height=\"315\" frameborder=\"0\" allowfullscreen=\"allowfullscreen\"><\/iframe><\/p>\n<p style=\"text-align: center;\"><a href=\"#Abibcor #BeatrizBusaniche #derechodeautor.org.ar\">#Abibcor #BeatrizBusaniche #derechodeautor.org.ar<\/a><\/p>\n<p style=\"text-align: center;\"><span style=\"color: #ff6600;\"><strong><span class=\"style-scope yt-formatted-string\" dir=\"auto\">14\u00b0 Encuentro de Bibliotecarios de la Provincia de C\u00f3rdoba<\/span><\/strong><\/span><\/p>\n<p style=\"text-align: center;\"><span style=\"color: #ff6600;\"><strong><span class=\"style-scope yt-formatted-string\" dir=\"auto\">Factores convergentes que impactan en la transformaci\u00f3n de bibliotecas<\/span><\/strong><\/span><\/p>\n<p><span class=\"style-scope yt-formatted-string\" dir=\"auto\"><span style=\"color: #ff6600;\"><strong> T\u00edtulo:<\/strong><\/span> Transformaci\u00f3n digital de bibliotecas, experiencias innovadoras.<\/span><\/p>\n<p><span class=\"style-scope yt-formatted-string\" dir=\"auto\"><span style=\"color: #ff6600;\"><strong> Disertante:<\/strong><\/span> Santiago Villegas (Colombia). <\/span><\/p>\n<p><span class=\"style-scope yt-formatted-string\" dir=\"auto\"><span style=\"color: #ff6600;\"><strong>Fecha: <\/strong><\/span>10 de septiembre de 2021 <\/span><\/p>\n<p><span style=\"color: #ff6600;\"><strong><span class=\"style-scope yt-formatted-string\" dir=\"auto\">Horario: <\/span><\/strong><\/span><span class=\"style-scope yt-formatted-string\" dir=\"auto\">18:30<\/span><span class=\"style-scope yt-formatted-string\" dir=\"auto\">\u00a0a <\/span><span class=\"style-scope yt-formatted-string\" dir=\"auto\">19:30<\/span><\/p>\n<p>&nbsp;<\/p>\n<p style=\"text-align: center;\"><iframe loading=\"lazy\" title=\"YouTube video player\" src=\"https:\/\/www.youtube.com\/embed\/lOjJhJ_ao1o\" width=\"560\" height=\"315\" frameborder=\"0\" allowfullscreen=\"allowfullscreen\"><\/iframe><\/p>\n<p style=\"text-align: center;\"><a href=\"#abibcor #SantiagoVillegas #Transformaciondigital\">#abibcor #SantiagoVillegas #Transformaciondigital<\/a><\/p>\n","protected":false},"excerpt":{"rendered":"<p>El Encuentro de Bibliotecarios de la Provincia de C\u00f3rdoba es un espacio creado para el intercambio y debate entre especialistas y profesionales en bibliotecolog\u00eda. En \u00e9l se analizan problem\u00e1ticas asociadas a la intervenci\u00f3n profesional, las experiencias y buenas pr\u00e1cticas, buscando <a href=\"https:\/\/abibcor.org.ar\/encuentro\/encuentro2021\/\" class=\"read-more\">Leer m\u00e1s&#8230;<\/a><\/p>\n","protected":false},"author":4,"featured_media":1963,"parent":0,"menu_order":0,"comment_status":"closed","ping_status":"closed","template":"","meta":{"footnotes":""},"class_list":["post-1858","page","type-page","status-publish","has-post-thumbnail","hentry"],"_links":{"self":[{"href":"https:\/\/abibcor.org.ar\/encuentro\/wp-json\/wp\/v2\/pages\/1858","targetHints":{"allow":["GET"]}}],"collection":[{"href":"https:\/\/abibcor.org.ar\/encuentro\/wp-json\/wp\/v2\/pages"}],"about":[{"href":"https:\/\/abibcor.org.ar\/encuentro\/wp-json\/wp\/v2\/types\/page"}],"author":[{"embeddable":true,"href":"https:\/\/abibcor.org.ar\/encuentro\/wp-json\/wp\/v2\/users\/4"}],"replies":[{"embeddable":true,"href":"https:\/\/abibcor.org.ar\/encuentro\/wp-json\/wp\/v2\/comments?post=1858"}],"version-history":[{"count":24,"href":"https:\/\/abibcor.org.ar\/encuentro\/wp-json\/wp\/v2\/pages\/1858\/revisions"}],"predecessor-version":[{"id":1976,"href":"https:\/\/abibcor.org.ar\/encuentro\/wp-json\/wp\/v2\/pages\/1858\/revisions\/1976"}],"wp:featuredmedia":[{"embeddable":true,"href":"https:\/\/abibcor.org.ar\/encuentro\/wp-json\/wp\/v2\/media\/1963"}],"wp:attachment":[{"href":"https:\/\/abibcor.org.ar\/encuentro\/wp-json\/wp\/v2\/media?parent=1858"}],"curies":[{"name":"wp","href":"https:\/\/api.w.org\/{rel}","templated":true}]}}